{"id":14,"date":"2024-01-24T09:15:34","date_gmt":"2024-01-24T12:15:34","guid":{"rendered":"https:\/\/leoccosta.com.br\/?page_id=14"},"modified":"2024-02-05T11:13:36","modified_gmt":"2024-02-05T14:13:36","slug":"sobre-nos","status":"publish","type":"page","link":"https:\/\/leoccosta.com.br\/?page_id=14","title":{"rendered":"Sobre n\u00f3s"},"content":{"rendered":"\t\t<div data-elementor-type=\"wp-page\" data-elementor-id=\"14\" class=\"elementor elementor-14\" data-elementor-post-type=\"page\">\n\t\t\t\t<div class=\"elementor-element elementor-element-2b80961 e-con-full e-flex e-con e-parent\" data-id=\"2b80961\" data-element_type=\"container\" data-settings=\"{&quot;background_background&quot;:&quot;classic&quot;,&quot;content_width&quot;:&quot;full&quot;,&quot;container_type&quot;:&quot;flex&quot;}\" data-core-v316-plus=\"true\">\n\t\t<div class=\"elementor-element elementor-element-bc1fdad e-con-full e-flex e-con e-child\" data-id=\"bc1fdad\" data-element_type=\"container\" data-settings=\"{&quot;content_width&quot;:&quot;full&quot;,&quot;container_type&quot;:&quot;flex&quot;}\">\n\t\t\t\t<div class=\"elementor-element elementor-element-e398080 elementor-widget elementor-widget-button\" data-id=\"e398080\" data-element_type=\"widget\" data-widget_type=\"button.default\">\n\t\t\t\t<div class=\"elementor-widget-container\">\n\t\t\t\t\t<div class=\"elementor-button-wrapper\">\n\t\t\t<a class=\"elementor-button elementor-button-link elementor-size-sm elementor-animation-grow\" href=\"https:\/\/leoccosta.com.br\/\">\n\t\t\t\t\t\t<span class=\"elementor-button-content-wrapper\">\n\t\t\t\t\t\t<span class=\"elementor-button-icon elementor-align-icon-left\">\n\t\t\t\t<svg xmlns=\"http:\/\/www.w3.org\/2000\/svg\" xmlns:xlink=\"http:\/\/www.w3.org\/1999\/xlink\" id=\"Camada_1\" x=\"0px\" y=\"0px\" viewBox=\"0 0 1500 1500\" style=\"enable-background:new 0 0 1500 1500;\" xml:space=\"preserve\"><g>\t<path d=\"M252.36,872.3c-20.47,0-39.15,2.07-57.21-0.4c-46.73-6.41-78.57-33.08-92.91-77.95c-14.41-45.1-2.73-84.98,31.2-117.38  c69.78-66.63,140.24-132.55,210.41-198.77c113.05-106.69,226.13-213.35,339.13-320.09c46.13-43.57,91.07-43.59,137.24-0.03  c182.18,171.88,364.41,343.71,546.61,515.56c38.17,36,49.8,83.47,31.62,128.93c-17.86,44.65-58.86,71.25-110.49,71.62  c-11.63,0.08-23.26,0.01-37.25,0.01c0,6.58,0,12.17,0,17.76c0,110.61,0.23,221.22-0.09,331.83c-0.2,71.41-41.04,126.55-106,143.2  c-12.58,3.22-25.95,4.51-38.97,4.63c-55.55,0.49-111.11,0.33-166.67,0.17c-53.39-0.15-90.1-36.5-90.32-89.91  c-0.29-72.6-0.05-145.2-0.09-217.81c-0.02-25.17-7.12-32.48-31.8-32.54c-43.37-0.1-86.75-0.1-130.12,0  c-24.71,0.06-31.81,7.37-31.83,32.52c-0.04,71.14,0.04,142.28-0.03,213.42c-0.06,59.1-35.46,94.3-94.74,94.34  c-53.12,0.04-106.24,0.07-159.36-0.01c-87.51-0.13-147.98-60.1-148.24-147.73c-0.33-110.12-0.08-220.24-0.08-330.37  C252.36,887.53,252.36,881.73,252.36,872.3z M537.8,1254.45c0-66.3-0.16-130.11,0.04-193.93c0.27-86.08,60.01-145.83,146.31-146.34  c44.85-0.26,89.7-0.23,134.55-0.01c87.14,0.44,146.6,60.08,146.84,147.25c0.16,58.98,0.03,117.95,0.03,176.93  c0,5.12,0,10.25,0,14.86c3.28,0.7,4.23,1.08,5.18,1.08c42.41,0.07,84.82,0.13,127.23,0.14c29.2,0.01,35.7-6.6,35.7-36.44  c0.02-129.65,0-259.3,0.02-388.95c0-6.33-0.09-12.69,0.43-18.99c2.45-29.91,25.86-52.45,55.94-53.07  c26.8-0.55,53.62-0.11,80.43-0.23c3.49-0.01,6.97-0.7,12.86-1.34C1105.04,587.2,928.62,420.8,751.63,253.85  C574.29,421.2,397.99,587.58,218.65,756.82c31.25,0,58.31-0.16,85.36,0.1c7.73,0.07,15.75,0.22,23.11,2.25  c27.54,7.6,42.17,29.46,42.19,62.35c0.08,131.11,0.03,262.23,0.04,393.34c0,4.87-0.24,9.77,0.17,14.62  c1.36,16.23,10.12,24.75,26.56,24.88c34.61,0.27,69.22,0.09,103.84,0.1C512,1254.45,524.07,1254.45,537.8,1254.45z\"><\/path><\/g><\/svg>\t\t\t<\/span>\n\t\t\t\t\t\t<span class=\"elementor-button-text\"><\/span>\n\t\t<\/span>\n\t\t\t\t\t<\/a>\n\t\t<\/div>\n\t\t\t\t<\/div>\n\t\t\t\t<\/div>\n\t\t\t\t<\/div>\n\t\t<div class=\"elementor-element elementor-element-edf276c e-con-full e-flex e-con e-child\" data-id=\"edf276c\" data-element_type=\"container\" data-settings=\"{&quot;content_width&quot;:&quot;full&quot;,&quot;background_background&quot;:&quot;classic&quot;,&quot;container_type&quot;:&quot;flex&quot;}\">\n\t\t\t\t<div class=\"elementor-element elementor-element-75f979d elementor-widget elementor-widget-spacer\" data-id=\"75f979d\" data-element_type=\"widget\" data-widget_type=\"spacer.default\">\n\t\t\t\t<div class=\"elementor-widget-container\">\n\t\t\t<style>\/*! elementor - v3.19.0 - 28-02-2024 *\/\n.elementor-column .elementor-spacer-inner{height:var(--spacer-size)}.e-con{--container-widget-width:100%}.e-con-inner>.elementor-widget-spacer,.e-con>.elementor-widget-spacer{width:var(--container-widget-width,var(--spacer-size));--align-self:var(--container-widget-align-self,initial);--flex-shrink:0}.e-con-inner>.elementor-widget-spacer>.elementor-widget-container,.e-con>.elementor-widget-spacer>.elementor-widget-container{height:100%;width:100%}.e-con-inner>.elementor-widget-spacer>.elementor-widget-container>.elementor-spacer,.e-con>.elementor-widget-spacer>.elementor-widget-container>.elementor-spacer{height:100%}.e-con-inner>.elementor-widget-spacer>.elementor-widget-container>.elementor-spacer>.elementor-spacer-inner,.e-con>.elementor-widget-spacer>.elementor-widget-container>.elementor-spacer>.elementor-spacer-inner{height:var(--container-widget-height,var(--spacer-size))}.e-con-inner>.elementor-widget-spacer.elementor-widget-empty,.e-con>.elementor-widget-spacer.elementor-widget-empty{position:relative;min-height:22px;min-width:22px}.e-con-inner>.elementor-widget-spacer.elementor-widget-empty .elementor-widget-empty-icon,.e-con>.elementor-widget-spacer.elementor-widget-empty .elementor-widget-empty-icon{position:absolute;top:0;bottom:0;left:0;right:0;margin:auto;padding:0;width:22px;height:22px}<\/style>\t\t<div class=\"elementor-spacer\">\n\t\t\t<div class=\"elementor-spacer-inner\"><\/div>\n\t\t<\/div>\n\t\t\t\t<\/div>\n\t\t\t\t<\/div>\n\t\t\t\t<div class=\"elementor-element elementor-element-729ea17 elementor-invisible elementor-widget elementor-widget-heading\" data-id=\"729ea17\" data-element_type=\"widget\" data-settings=\"{&quot;_animation&quot;:&quot;fadeIn&quot;}\" data-widget_type=\"heading.default\">\n\t\t\t\t<div class=\"elementor-widget-container\">\n\t\t\t<style>\/*! elementor - v3.19.0 - 28-02-2024 *\/\n.elementor-heading-title{padding:0;margin:0;line-height:1}.elementor-widget-heading .elementor-heading-title[class*=elementor-size-]>a{color:inherit;font-size:inherit;line-height:inherit}.elementor-widget-heading .elementor-heading-title.elementor-size-small{font-size:15px}.elementor-widget-heading .elementor-heading-title.elementor-size-medium{font-size:19px}.elementor-widget-heading .elementor-heading-title.elementor-size-large{font-size:29px}.elementor-widget-heading .elementor-heading-title.elementor-size-xl{font-size:39px}.elementor-widget-heading .elementor-heading-title.elementor-size-xxl{font-size:59px}<\/style><h2 class=\"elementor-heading-title elementor-size-default\">L\u00e9o Costa<\/h2>\t\t<\/div>\n\t\t\t\t<\/div>\n\t\t\t\t<div class=\"elementor-element elementor-element-ed8300d elementor-invisible elementor-widget elementor-widget-text-editor\" data-id=\"ed8300d\" data-element_type=\"widget\" data-settings=\"{&quot;_animation&quot;:&quot;fadeIn&quot;}\" data-widget_type=\"text-editor.default\">\n\t\t\t\t<div class=\"elementor-widget-container\">\n\t\t\t<style>\/*! elementor - v3.19.0 - 28-02-2024 *\/\n.elementor-widget-text-editor.elementor-drop-cap-view-stacked .elementor-drop-cap{background-color:#69727d;color:#fff}.elementor-widget-text-editor.elementor-drop-cap-view-framed .elementor-drop-cap{color:#69727d;border:3px solid;background-color:transparent}.elementor-widget-text-editor:not(.elementor-drop-cap-view-default) .elementor-drop-cap{margin-top:8px}.elementor-widget-text-editor:not(.elementor-drop-cap-view-default) .elementor-drop-cap-letter{width:1em;height:1em}.elementor-widget-text-editor .elementor-drop-cap{float:left;text-align:center;line-height:1;font-size:50px}.elementor-widget-text-editor .elementor-drop-cap-letter{display:inline-block}<\/style>\t\t\t\t<p>Presente no universo da beleza desde a adolesc\u00eancia, L\u00e9o j\u00e1 possui <strong>mais de 23 anos de profiss\u00e3o<\/strong>. Especialista em mechas, \u00e9 formado pelas pelos principais cabeleireiros do mundo neste segmento. Seu curr\u00edculo tem passagem por escolas como Toni&amp;Guy em Londres e Frank Provost em Paris.<\/p><p>Mant\u00e9m o seu sal\u00e3o pr\u00f3prio h\u00e1 17 anos, onde construiu n\u00e3o apenas uma equipe, mas uma fam\u00edlia. Hoje al\u00e9m de cabeleireiro tamb\u00e9m \u00e9 empres\u00e1rio, casado e pai de g\u00eameas. Ama ter a oportunidade de capacitar mais profissionais a desenvolver suas habilidades na constru\u00e7\u00e3o de mechas, que \u00e9 sua maior paix\u00e3o dentro da profiss\u00e3o.<\/p>\t\t\t\t\t\t<\/div>\n\t\t\t\t<\/div>\n\t\t\t\t<div class=\"elementor-element elementor-element-d74d164 elementor-mobile-align-center elementor-invisible elementor-widget elementor-widget-button\" data-id=\"d74d164\" data-element_type=\"widget\" data-settings=\"{&quot;_animation&quot;:&quot;fadeIn&quot;}\" data-widget_type=\"button.default\">\n\t\t\t\t<div class=\"elementor-widget-container\">\n\t\t\t\t\t<div class=\"elementor-button-wrapper\">\n\t\t\t<a class=\"elementor-button elementor-button-link elementor-size-sm elementor-animation-grow\" href=\"https:\/\/leoccosta.com.br\">\n\t\t\t\t\t\t<span class=\"elementor-button-content-wrapper\">\n\t\t\t\t\t\t<span class=\"elementor-button-text\">< Voltar<\/span>\n\t\t<\/span>\n\t\t\t\t\t<\/a>\n\t\t<\/div>\n\t\t\t\t<\/div>\n\t\t\t\t<\/div>\n\t\t\t\t<\/div>\n\t\t\t\t<\/div>\n\t\t\t\t<\/div>\n\t\t","protected":false},"excerpt":{"rendered":"<p>L\u00e9o Costa Presente no universo da beleza desde a adolesc\u00eancia, L\u00e9o j\u00e1 possui mais de 23 anos de profiss\u00e3o. Especialista em mechas, \u00e9 formado pelas pelos principais cabeleireiros do mundo neste segmento. Seu curr\u00edculo tem passagem por escolas como Toni&amp;Guy em Londres e Frank Provost em Paris. Mant\u00e9m o seu sal\u00e3o pr\u00f3prio h\u00e1 17 anos, [&hellip;]<\/p>\n","protected":false},"author":3,"featured_media":0,"parent":0,"menu_order":0,"comment_status":"closed","ping_status":"closed","template":"elementor_canvas","meta":{"footnotes":""},"_links":{"self":[{"href":"https:\/\/leoccosta.com.br\/index.php?rest_route=\/wp\/v2\/pages\/14"}],"collection":[{"href":"https:\/\/leoccosta.com.br\/index.php?rest_route=\/wp\/v2\/pages"}],"about":[{"href":"https:\/\/leoccosta.com.br\/index.php?rest_route=\/wp\/v2\/types\/page"}],"author":[{"embeddable":true,"href":"https:\/\/leoccosta.com.br\/index.php?rest_route=\/wp\/v2\/users\/3"}],"replies":[{"embeddable":true,"href":"https:\/\/leoccosta.com.br\/index.php?rest_route=%2Fwp%2Fv2%2Fcomments&post=14"}],"version-history":[{"count":76,"href":"https:\/\/leoccosta.com.br\/index.php?rest_route=\/wp\/v2\/pages\/14\/revisions"}],"predecessor-version":[{"id":426,"href":"https:\/\/leoccosta.com.br\/index.php?rest_route=\/wp\/v2\/pages\/14\/revisions\/426"}],"wp:attachment":[{"href":"https:\/\/leoccosta.com.br\/index.php?rest_route=%2Fwp%2Fv2%2Fmedia&parent=14"}],"curies":[{"name":"wp","href":"https:\/\/api.w.org\/{rel}","templated":true}]}}