{"id":18,"date":"2024-01-24T09:21:48","date_gmt":"2024-01-24T12:21:48","guid":{"rendered":"https:\/\/leoccosta.com.br\/?page_id=18"},"modified":"2024-02-07T16:16:12","modified_gmt":"2024-02-07T19:16:12","slug":"nosso-espaco","status":"publish","type":"page","link":"https:\/\/leoccosta.com.br\/?page_id=18","title":{"rendered":"Nosso espa\u00e7o"},"content":{"rendered":"\t\t<div data-elementor-type=\"wp-page\" data-elementor-id=\"18\" class=\"elementor elementor-18\" data-elementor-post-type=\"page\">\n\t\t\t\t<div class=\"elementor-element elementor-element-0e1cda6 e-flex e-con-boxed e-con e-parent\" data-id=\"0e1cda6\" data-element_type=\"container\" data-settings=\"{&quot;background_background&quot;:&quot;classic&quot;,&quot;container_type&quot;:&quot;flex&quot;,&quot;content_width&quot;:&quot;boxed&quot;}\" data-core-v316-plus=\"true\">\n\t\t\t\t\t<div class=\"e-con-inner\">\n\t\t<div class=\"elementor-element elementor-element-b52ab7c e-con-full e-flex e-con e-child\" data-id=\"b52ab7c\" data-element_type=\"container\" data-settings=\"{&quot;content_width&quot;:&quot;full&quot;,&quot;container_type&quot;:&quot;flex&quot;}\">\n\t\t\t\t<div class=\"elementor-element elementor-element-f71f0c1 elementor-widget__width-initial elementor-hidden-mobile elementor-widget elementor-widget-video\" data-id=\"f71f0c1\" data-element_type=\"widget\" data-settings=\"{&quot;video_type&quot;:&quot;hosted&quot;,&quot;controls&quot;:&quot;yes&quot;}\" data-widget_type=\"video.default\">\n\t\t\t\t<div class=\"elementor-widget-container\">\n\t\t\t<style>\/*! elementor - v3.19.0 - 28-02-2024 *\/\n.elementor-widget-video .elementor-widget-container{overflow:hidden;transform:translateZ(0)}.elementor-widget-video .elementor-wrapper{aspect-ratio:var(--video-aspect-ratio)}.elementor-widget-video .elementor-wrapper iframe,.elementor-widget-video .elementor-wrapper video{height:100%;width:100%;display:flex;border:none;background-color:#000}@supports not (aspect-ratio:1\/1){.elementor-widget-video .elementor-wrapper{position:relative;overflow:hidden;height:0;padding-bottom:calc(100% \/ var(--video-aspect-ratio))}.elementor-widget-video .elementor-wrapper iframe,.elementor-widget-video .elementor-wrapper video{position:absolute;top:0;right:0;bottom:0;left:0}}.elementor-widget-video .elementor-open-inline .elementor-custom-embed-image-overlay{position:absolute;top:0;right:0;bottom:0;left:0;background-size:cover;background-position:50%}.elementor-widget-video .elementor-custom-embed-image-overlay{cursor:pointer;text-align:center}.elementor-widget-video .elementor-custom-embed-image-overlay:hover .elementor-custom-embed-play i{opacity:1}.elementor-widget-video .elementor-custom-embed-image-overlay img{display:block;width:100%;aspect-ratio:var(--video-aspect-ratio);-o-object-fit:cover;object-fit:cover;-o-object-position:center center;object-position:center center}@supports not (aspect-ratio:1\/1){.elementor-widget-video .elementor-custom-embed-image-overlay{position:relative;overflow:hidden;height:0;padding-bottom:calc(100% \/ var(--video-aspect-ratio))}.elementor-widget-video .elementor-custom-embed-image-overlay img{position:absolute;top:0;right:0;bottom:0;left:0}}.elementor-widget-video .e-hosted-video .elementor-video{-o-object-fit:cover;object-fit:cover}.e-con-inner>.elementor-widget-video,.e-con>.elementor-widget-video{width:var(--container-widget-width);--flex-grow:var(--container-widget-flex-grow)}<\/style>\t\t<div class=\"e-hosted-video elementor-wrapper elementor-open-inline\">\n\t\t\t\t\t<video class=\"elementor-video\" src=\"http:\/\/leoccosta.com.br\/wp-content\/uploads\/2024\/02\/B348A630D8990CB89AFD84782E049E84_video_dashinit.mp4\" controls=\"\" preload=\"metadata\" controlsList=\"nodownload\"><\/video>\n\t\t\t\t<\/div>\n\t\t\t\t<\/div>\n\t\t\t\t<\/div>\n\t\t\t\t<\/div>\n\t\t<div class=\"elementor-element elementor-element-cba2e0e e-con-full e-flex e-con e-child\" data-id=\"cba2e0e\" data-element_type=\"container\" data-settings=\"{&quot;content_width&quot;:&quot;full&quot;,&quot;container_type&quot;:&quot;flex&quot;}\">\n\t\t\t\t<div class=\"elementor-element elementor-element-20297b9 elementor-widget elementor-widget-heading\" data-id=\"20297b9\" data-element_type=\"widget\" data-widget_type=\"heading.default\">\n\t\t\t\t<div class=\"elementor-widget-container\">\n\t\t\t<style>\/*! elementor - v3.19.0 - 28-02-2024 *\/\n.elementor-heading-title{padding:0;margin:0;line-height:1}.elementor-widget-heading .elementor-heading-title[class*=elementor-size-]>a{color:inherit;font-size:inherit;line-height:inherit}.elementor-widget-heading .elementor-heading-title.elementor-size-small{font-size:15px}.elementor-widget-heading .elementor-heading-title.elementor-size-medium{font-size:19px}.elementor-widget-heading .elementor-heading-title.elementor-size-large{font-size:29px}.elementor-widget-heading .elementor-heading-title.elementor-size-xl{font-size:39px}.elementor-widget-heading .elementor-heading-title.elementor-size-xxl{font-size:59px}<\/style><h2 class=\"elementor-heading-title elementor-size-default\">CONHE\u00c7A <br>NOSSO ESPA\u00c7O<\/h2>\t\t<\/div>\n\t\t\t\t<\/div>\n\t\t\t\t<div class=\"elementor-element elementor-element-cf3b426 elementor-widget__width-initial elementor-hidden-desktop elementor-widget elementor-widget-video\" data-id=\"cf3b426\" data-element_type=\"widget\" data-settings=\"{&quot;video_type&quot;:&quot;hosted&quot;,&quot;controls&quot;:&quot;yes&quot;}\" data-widget_type=\"video.default\">\n\t\t\t\t<div class=\"elementor-widget-container\">\n\t\t\t\t\t<div class=\"e-hosted-video elementor-wrapper elementor-open-inline\">\n\t\t\t\t\t<video class=\"elementor-video\" src=\"http:\/\/leoccosta.com.br\/wp-content\/uploads\/2024\/02\/B348A630D8990CB89AFD84782E049E84_video_dashinit.mp4\" controls=\"\" preload=\"metadata\" controlsList=\"nodownload\"><\/video>\n\t\t\t\t<\/div>\n\t\t\t\t<\/div>\n\t\t\t\t<\/div>\n\t\t\t\t<div class=\"elementor-element elementor-element-0a05575 elementor-widget elementor-widget-text-editor\" data-id=\"0a05575\" data-element_type=\"widget\" data-widget_type=\"text-editor.default\">\n\t\t\t\t<div class=\"elementor-widget-container\">\n\t\t\t<style>\/*! elementor - v3.19.0 - 28-02-2024 *\/\n.elementor-widget-text-editor.elementor-drop-cap-view-stacked .elementor-drop-cap{background-color:#69727d;color:#fff}.elementor-widget-text-editor.elementor-drop-cap-view-framed .elementor-drop-cap{color:#69727d;border:3px solid;background-color:transparent}.elementor-widget-text-editor:not(.elementor-drop-cap-view-default) .elementor-drop-cap{margin-top:8px}.elementor-widget-text-editor:not(.elementor-drop-cap-view-default) .elementor-drop-cap-letter{width:1em;height:1em}.elementor-widget-text-editor .elementor-drop-cap{float:left;text-align:center;line-height:1;font-size:50px}.elementor-widget-text-editor .elementor-drop-cap-letter{display:inline-block}<\/style>\t\t\t\t<p>No <strong>Espa\u00e7o L\u00e9o Costa<\/strong> voc\u00ea pode desfrutar de um ambiente \u00fanico, estruturado, com conforto e bem estar! As sensa\u00e7\u00f5es e experi\u00eancias que nosso sal\u00e3o proporcionam v\u00e3o al\u00e9m de nossos servi\u00e7os.\u00a0<\/p>\t\t\t\t\t\t<\/div>\n\t\t\t\t<\/div>\n\t\t\t\t<\/div>\n\t\t\t\t\t<\/div>\n\t\t\t\t<\/div>\n\t\t<div class=\"elementor-element elementor-element-ceac897 elementor-hidden-desktop e-flex e-con-boxed e-con e-parent\" data-id=\"ceac897\" data-element_type=\"container\" data-settings=\"{&quot;background_background&quot;:&quot;classic&quot;,&quot;container_type&quot;:&quot;flex&quot;,&quot;content_width&quot;:&quot;boxed&quot;}\" data-core-v316-plus=\"true\">\n\t\t\t\t\t<div class=\"e-con-inner\">\n\t\t<div class=\"elementor-element elementor-element-3230e4e e-con-full e-flex e-con e-child\" data-id=\"3230e4e\" data-element_type=\"container\" data-settings=\"{&quot;content_width&quot;:&quot;full&quot;,&quot;container_type&quot;:&quot;flex&quot;}\">\n\t\t\t\t<div class=\"elementor-element elementor-element-b14c02c elementor-hidden-desktop elementor-widget elementor-widget-image\" data-id=\"b14c02c\" data-element_type=\"widget\" data-widget_type=\"image.default\">\n\t\t\t\t<div class=\"elementor-widget-container\">\n\t\t\t<style>\/*! elementor - v3.19.0 - 28-02-2024 *\/\n.elementor-widget-image{text-align:center}.elementor-widget-image a{display:inline-block}.elementor-widget-image a img[src$=\".svg\"]{width:48px}.elementor-widget-image img{vertical-align:middle;display:inline-block}<\/style>\t\t\t\t\t\t\t\t\t\t<img fetchpriority=\"high\" decoding=\"async\" width=\"828\" height=\"1013\" src=\"https:\/\/leoccosta.com.br\/wp-content\/uploads\/2024\/02\/IMG_57021.jpg\" class=\"attachment-full size-full wp-image-437\" alt=\"\" srcset=\"https:\/\/leoccosta.com.br\/wp-content\/uploads\/2024\/02\/IMG_57021.jpg 828w, https:\/\/leoccosta.com.br\/wp-content\/uploads\/2024\/02\/IMG_57021-245x300.jpg 245w, https:\/\/leoccosta.com.br\/wp-content\/uploads\/2024\/02\/IMG_57021-768x940.jpg 768w\" sizes=\"(max-width: 828px) 100vw, 828px\" \/>\t\t\t\t\t\t\t\t\t\t\t\t\t<\/div>\n\t\t\t\t<\/div>\n\t\t\t\t<div class=\"elementor-element elementor-element-c63b0df elementor-widget__width-initial elementor-widget elementor-widget-text-editor\" data-id=\"c63b0df\" data-element_type=\"widget\" data-widget_type=\"text-editor.default\">\n\t\t\t\t<div class=\"elementor-widget-container\">\n\t\t\t\t\t\t\t<p>Somos um <strong>sal\u00e3o completo<\/strong>, com <strong>atendimento amplo<\/strong> em todas as \u00e1reas da beleza pessoal.<\/p><p>Nos servi\u00e7os de cabelo a cliente encontra desde uma simples escova, as mais variadas t\u00e9cnicas e estilos de corte e mechas &#8211; uma vez que nosso profissional principal L\u00e9o Costa \u00e9 formado pelas principais academias do mundo neste segmento. Al\u00e9m de diversos tratamentos capilares, colora\u00e7\u00e3o, penteados para festas e extens\u00e3o capilar.<\/p>\t\t\t\t\t\t<\/div>\n\t\t\t\t<\/div>\n\t\t\t\t<\/div>\n\t\t\t\t\t<\/div>\n\t\t\t\t<\/div>\n\t\t<div class=\"elementor-element elementor-element-40902f8 elementor-hidden-mobile e-flex e-con-boxed e-con e-parent\" data-id=\"40902f8\" data-element_type=\"container\" data-settings=\"{&quot;background_background&quot;:&quot;classic&quot;,&quot;container_type&quot;:&quot;flex&quot;,&quot;content_width&quot;:&quot;boxed&quot;}\" data-core-v316-plus=\"true\">\n\t\t\t\t\t<div class=\"e-con-inner\">\n\t\t<div class=\"elementor-element elementor-element-925887f e-con-full e-flex e-con e-child\" data-id=\"925887f\" data-element_type=\"container\" data-settings=\"{&quot;content_width&quot;:&quot;full&quot;,&quot;container_type&quot;:&quot;flex&quot;}\">\n\t\t\t\t<div class=\"elementor-element elementor-element-53dc604 elementor-widget elementor-widget-text-editor\" data-id=\"53dc604\" data-element_type=\"widget\" data-widget_type=\"text-editor.default\">\n\t\t\t\t<div class=\"elementor-widget-container\">\n\t\t\t\t\t\t\t<p style=\"background-color: #413a32;\">Somos um\u00a0<span style=\"font-weight: bolder;\">sal\u00e3o completo<\/span>, com\u00a0<span style=\"font-weight: bolder;\">atendimento amplo<\/span>\u00a0em todas as \u00e1reas da beleza pessoal.<\/p><p style=\"background-color: #413a32;\">Nos servi\u00e7os de cabelo a cliente encontra desde uma simples escova, as mais variadas t\u00e9cnicas e estilos de corte e mechas &#8211; uma vez que nosso profissional principal L\u00e9o Costa \u00e9 formado pelas principais academias do mundo neste segmento. Al\u00e9m de diversos tratamentos capilares, colora\u00e7\u00e3o, penteados para festas e extens\u00e3o capilar.<\/p>\t\t\t\t\t\t<\/div>\n\t\t\t\t<\/div>\n\t\t\t\t<\/div>\n\t\t<div class=\"elementor-element elementor-element-2f1e622 e-con-full e-flex e-con e-child\" data-id=\"2f1e622\" data-element_type=\"container\" data-settings=\"{&quot;content_width&quot;:&quot;full&quot;,&quot;container_type&quot;:&quot;flex&quot;}\">\n\t\t\t\t<div class=\"elementor-element elementor-element-c6ab83c elementor-widget elementor-widget-image\" data-id=\"c6ab83c\" data-element_type=\"widget\" data-widget_type=\"image.default\">\n\t\t\t\t<div class=\"elementor-widget-container\">\n\t\t\t\t\t\t\t\t\t\t\t\t\t<img fetchpriority=\"high\" decoding=\"async\" width=\"828\" height=\"1013\" src=\"https:\/\/leoccosta.com.br\/wp-content\/uploads\/2024\/02\/IMG_57021.jpg\" class=\"attachment-full size-full wp-image-437\" alt=\"\" srcset=\"https:\/\/leoccosta.com.br\/wp-content\/uploads\/2024\/02\/IMG_57021.jpg 828w, https:\/\/leoccosta.com.br\/wp-content\/uploads\/2024\/02\/IMG_57021-245x300.jpg 245w, https:\/\/leoccosta.com.br\/wp-content\/uploads\/2024\/02\/IMG_57021-768x940.jpg 768w\" sizes=\"(max-width: 828px) 100vw, 828px\" \/>\t\t\t\t\t\t\t\t\t\t\t\t\t<\/div>\n\t\t\t\t<\/div>\n\t\t\t\t<\/div>\n\t\t\t\t\t<\/div>\n\t\t\t\t<\/div>\n\t\t<div class=\"elementor-element elementor-element-9c01183 e-flex e-con-boxed e-con e-parent\" data-id=\"9c01183\" data-element_type=\"container\" data-settings=\"{&quot;background_background&quot;:&quot;classic&quot;,&quot;container_type&quot;:&quot;flex&quot;,&quot;content_width&quot;:&quot;boxed&quot;}\" data-core-v316-plus=\"true\">\n\t\t\t\t\t<div class=\"e-con-inner\">\n\t\t<div class=\"elementor-element elementor-element-65d8d35 e-con-full e-flex e-con e-child\" data-id=\"65d8d35\" data-element_type=\"container\" data-settings=\"{&quot;content_width&quot;:&quot;full&quot;,&quot;container_type&quot;:&quot;flex&quot;}\">\n\t\t\t\t<div class=\"elementor-element elementor-element-33496b9 elementor-widget elementor-widget-image\" data-id=\"33496b9\" data-element_type=\"widget\" data-widget_type=\"image.default\">\n\t\t\t\t<div class=\"elementor-widget-container\">\n\t\t\t\t\t\t\t\t\t\t\t\t\t<img decoding=\"async\" width=\"828\" height=\"1029\" src=\"https:\/\/leoccosta.com.br\/wp-content\/uploads\/2024\/02\/IMG_5700.jpg\" class=\"attachment-full size-full wp-image-438\" alt=\"\" srcset=\"https:\/\/leoccosta.com.br\/wp-content\/uploads\/2024\/02\/IMG_5700.jpg 828w, https:\/\/leoccosta.com.br\/wp-content\/uploads\/2024\/02\/IMG_5700-241x300.jpg 241w, https:\/\/leoccosta.com.br\/wp-content\/uploads\/2024\/02\/IMG_5700-824x1024.jpg 824w, https:\/\/leoccosta.com.br\/wp-content\/uploads\/2024\/02\/IMG_5700-768x954.jpg 768w\" sizes=\"(max-width: 828px) 100vw, 828px\" \/>\t\t\t\t\t\t\t\t\t\t\t\t\t<\/div>\n\t\t\t\t<\/div>\n\t\t\t\t<\/div>\n\t\t<div class=\"elementor-element elementor-element-50a3340 e-con-full e-flex e-con e-child\" data-id=\"50a3340\" data-element_type=\"container\" data-settings=\"{&quot;content_width&quot;:&quot;full&quot;,&quot;container_type&quot;:&quot;flex&quot;}\">\n\t\t\t\t<div class=\"elementor-element elementor-element-d081ad6 elementor-widget elementor-widget-text-editor\" data-id=\"d081ad6\" data-element_type=\"widget\" data-widget_type=\"text-editor.default\">\n\t\t\t\t<div class=\"elementor-widget-container\">\n\t\t\t\t\t\t\t<p>No Stile trabalhamos com maquiagem, lash de c\u00edlios, sobrancelha &#8211; definitiva ou n\u00e3o, depila\u00e7\u00e3o facial, limpeza de pele entre outros.\u00a0 J\u00e1 no que diz respeito a sa\u00fade e beleza das suas unhas, possu\u00edmos Pod\u00f3loga e manicures.\u00a0<\/p>\t\t\t\t\t\t<\/div>\n\t\t\t\t<\/div>\n\t\t\t\t<div class=\"elementor-element elementor-element-3f68ff1 elementor-invisible elementor-widget elementor-widget-text-editor\" data-id=\"3f68ff1\" data-element_type=\"widget\" data-settings=\"{&quot;_animation&quot;:&quot;fadeIn&quot;}\" data-widget_type=\"text-editor.default\">\n\t\t\t\t<div class=\"elementor-widget-container\">\n\t\t\t\t\t\t\t<p><strong>Este \u00e9 o lugar certo, esperando por voc\u00ea!<\/strong><\/p>\t\t\t\t\t\t<\/div>\n\t\t\t\t<\/div>\n\t\t\t\t<\/div>\n\t\t\t\t\t<\/div>\n\t\t\t\t<\/div>\n\t\t<div class=\"elementor-element elementor-element-690e204 e-flex e-con-boxed e-con e-parent\" data-id=\"690e204\" data-element_type=\"container\" data-settings=\"{&quot;background_background&quot;:&quot;classic&quot;,&quot;container_type&quot;:&quot;flex&quot;,&quot;content_width&quot;:&quot;boxed&quot;}\" data-core-v316-plus=\"true\">\n\t\t\t\t\t<div class=\"e-con-inner\">\n\t\t\t\t<div class=\"elementor-element elementor-element-663af8d elementor-align-center elementor-widget elementor-widget-button\" data-id=\"663af8d\" data-element_type=\"widget\" data-widget_type=\"button.default\">\n\t\t\t\t<div class=\"elementor-widget-container\">\n\t\t\t\t\t<div class=\"elementor-button-wrapper\">\n\t\t\t<a class=\"elementor-button elementor-button-link elementor-size-lg elementor-animation-grow\" href=\"https:\/\/maps.app.goo.gl\/1GpQ4JrAoqFMi2tb7\">\n\t\t\t\t\t\t<span class=\"elementor-button-content-wrapper\">\n\t\t\t\t\t\t<span class=\"elementor-button-text\">Clique aqui e venha nos visitar!<\/span>\n\t\t<\/span>\n\t\t\t\t\t<\/a>\n\t\t<\/div>\n\t\t\t\t<\/div>\n\t\t\t\t<\/div>\n\t\t\t\t<div class=\"elementor-element elementor-element-6da79e9 elementor-mobile-align-center elementor-invisible elementor-widget elementor-widget-button\" data-id=\"6da79e9\" data-element_type=\"widget\" data-settings=\"{&quot;_animation&quot;:&quot;fadeIn&quot;}\" data-widget_type=\"button.default\">\n\t\t\t\t<div class=\"elementor-widget-container\">\n\t\t\t\t\t<div class=\"elementor-button-wrapper\">\n\t\t\t<a class=\"elementor-button elementor-button-link elementor-size-sm elementor-animation-grow\" href=\"https:\/\/leoccosta.com.br\/\">\n\t\t\t\t\t\t<span class=\"elementor-button-content-wrapper\">\n\t\t\t\t\t\t<span class=\"elementor-button-text\">< Voltar<\/span>\n\t\t<\/span>\n\t\t\t\t\t<\/a>\n\t\t<\/div>\n\t\t\t\t<\/div>\n\t\t\t\t<\/div>\n\t\t\t\t\t<\/div>\n\t\t\t\t<\/div>\n\t\t\t\t<\/div>\n\t\t","protected":false},"excerpt":{"rendered":"<p>http:\/\/leoccosta.com.br\/wp-content\/uploads\/2024\/02\/B348A630D8990CB89AFD84782E049E84_video_dashinit.mp4 CONHE\u00c7A NOSSO ESPA\u00c7O http:\/\/leoccosta.com.br\/wp-content\/uploads\/2024\/02\/B348A630D8990CB89AFD84782E049E84_video_dashinit.mp4 No Espa\u00e7o L\u00e9o Costa voc\u00ea pode desfrutar de um ambiente \u00fanico, estruturado, com conforto e bem estar! As sensa\u00e7\u00f5es e experi\u00eancias que nosso sal\u00e3o proporcionam v\u00e3o al\u00e9m de nossos servi\u00e7os.\u00a0 Somos um sal\u00e3o completo, com atendimento amplo em todas as \u00e1reas da beleza pessoal. Nos servi\u00e7os de cabelo a cliente [&hellip;]<\/p>\n","protected":false},"author":3,"featured_media":0,"parent":0,"menu_order":0,"comment_status":"closed","ping_status":"closed","template":"elementor_canvas","meta":{"footnotes":""},"_links":{"self":[{"href":"https:\/\/leoccosta.com.br\/index.php?rest_route=\/wp\/v2\/pages\/18"}],"collection":[{"href":"https:\/\/leoccosta.com.br\/index.php?rest_route=\/wp\/v2\/pages"}],"about":[{"href":"https:\/\/leoccosta.com.br\/index.php?rest_route=\/wp\/v2\/types\/page"}],"author":[{"embeddable":true,"href":"https:\/\/leoccosta.com.br\/index.php?rest_route=\/wp\/v2\/users\/3"}],"replies":[{"embeddable":true,"href":"https:\/\/leoccosta.com.br\/index.php?rest_route=%2Fwp%2Fv2%2Fcomments&post=18"}],"version-history":[{"count":109,"href":"https:\/\/leoccosta.com.br\/index.php?rest_route=\/wp\/v2\/pages\/18\/revisions"}],"predecessor-version":[{"id":587,"href":"https:\/\/leoccosta.com.br\/index.php?rest_route=\/wp\/v2\/pages\/18\/revisions\/587"}],"wp:attachment":[{"href":"https:\/\/leoccosta.com.br\/index.php?rest_route=%2Fwp%2Fv2%2Fmedia&parent=18"}],"curies":[{"name":"wp","href":"https:\/\/api.w.org\/{rel}","templated":true}]}}